{"id":1202,"date":"2007-11-05T08:38:48","date_gmt":"2007-11-05T07:38:48","guid":{"rendered":"http:\/\/unime.no-ip.info\/BB2\/blog.php\/?page_id=4"},"modified":"2016-10-19T18:22:10","modified_gmt":"2016-10-19T17:22:10","slug":"e-book","status":"publish","type":"page","link":"https:\/\/www.nutrigenomiclab.com\/lab\/?page_id=1202","title":{"rendered":"Version log (V5.0)"},"content":{"rendered":"<p><span style=\"color: #ff0000;\"><strong>Versione 5.0<\/strong><\/span> (01-11-2010)\u00a0System update:<\/p>\n<ul>\n<li>Improved security performance<\/li>\n<li>new graphical view<\/li>\n<\/ul>\n<p><span style=\"color: #ff0000;\"><strong><span style=\"font-family: mceinline;\">Versione 4.1<\/span><\/strong><\/span> (26-02-2010)\u00a0Aggiornamento Gestione files:<\/p>\n<ul>\n<li>File search<\/li>\n<\/ul>\n<p><span style=\"color: #ff0000;\"><strong><span style=\"color: #ff0000;\">Versione 4.1<\/span><\/strong><\/span> (1-09-2009)\u00a0Aggiornamento Gestione files:<\/p>\n<ul>\n<li>Anteprima dei files<\/li>\n<li>Possibilit\u00e0 di rinominare i file presenti<\/li>\n<\/ul>\n<p><span style=\"color: #ff0000;\"><strong>Versione 4.0<\/strong><\/span> (17-02-2009) Il sistema \u00e8 ora pi\u00f9 veloce:<\/p>\n<ul>\n<li>Nuova integrazione<\/li>\n<li>Restiling sistema<\/li>\n<li>Labbook pi\u00f9 veloce<\/li>\n<\/ul>\n<p><strong><span style=\"color: #ff0000;\">Versione 3.1<\/span><\/strong> (10-11-2008) Dopo un anno di attivit\u00e0, arriviamo alla versione 3 finale (grazie a tutti):<\/p>\n<ul>\n<li>Bugfixes<\/li>\n<\/ul>\n<p><strong><span style=\"color: #ff0000;\">Versione 3.0b1<\/span><\/strong> (30-08-2008) Le novit\u00e0 comprendono:<\/p>\n<ul>\n<li>Restiling del sistema<\/li>\n<li>Sistema pi\u00f9 veloce<\/li>\n<li>Bugfixes<\/li>\n<\/ul>\n<p><span style=\"color: #ff0000;\"><strong>Versione 2.1<\/strong><\/span> (15-03-2008) Le novit\u00e0 comprendono:<\/p>\n<ul>\n<li>Possibilit\u00e0 di inserire foto nel topic<\/li>\n<li>Bugfixes<\/li>\n<\/ul>\n<p><span style=\"color: #ff0000;\"><strong>Versione 2.0<\/strong><\/span> (15-02-2008) Viene lanciata una nuova versione del portale. Le novit\u00e0 comprendono:<\/p>\n<ul>\n<li>Toolbar per Explorer e Firefox (<a title=\"Download Toolbar\" href=\"http:\/\/nutrigenomiclab.ourtoolbar.com\/\" target=\"_blank\">download<\/a>)<\/li>\n<\/ul>\n<p><span style=\"color: #ff0000;\"><strong><span style=\"font-weight: normal; color: #000000;\"><a href=\"http:\/\/unime.no-ip.info\/lab\/wp-content\/uploads\/2008\/02\/toolbar.jpg\"><img decoding=\"async\" src=\"http:\/\/unime.no-ip.info\/lab\/wp-content\/uploads\/2008\/02\/toolbar.jpg\" alt=\"\" \/><\/a><\/span><\/strong><\/span><\/p>\n<ul>\n<li>Una riorganizzazione delle pagine del portale<\/li>\n<li><span style=\"font-style: italic;\">Gestione file<\/span> integrato nel portale<\/li>\n<li>Registrato il dominio <a title=\"www.nutrigenomiclab.com\" href=\"http:\/\/www.nutrigenomiclab.com\">www.nutrigenomiclab.com<\/a><\/li>\n<\/ul>\n<p><span style=\"color: #ff0000;\"><strong>Versione 1.0<\/strong><\/span> (05-11-2007) Questo sito ti permette di annotare il tuo lavoro giorno per giorno con diversi vantaggi:<\/p>\n<ul>\n<li>Sar\u00e0 pi\u00f9 facile trovare le informazioni con la funzione di ricerca<\/li>\n<li>Puoi vedere le modifiche fatte al protocollo dei giorni precedenti<\/li>\n<li>&#8230;.. e vedendo facendo<\/li>\n<\/ul>\n","protected":false},"excerpt":{"rendered":"<p>Versione 5.0 (01-11-2010)\u00a0System update: Improved security performance new graphical view Versione 4.1 (26-02-2010)\u00a0Aggiornamento Gestione files: File search Versione 4.1 (1-09-2009)\u00a0Aggiornamento Gestione files: Anteprima dei files Possibilit\u00e0 di rinominare i file presenti Versione 4.0 (17-02-2009) Il sistema \u00e8 ora pi\u00f9 veloce: Nuova integrazione Restiling sistema Labbook pi\u00f9 veloce Versione 3.1 (10-11-2008) Dopo un anno di attivit\u00e0, [&hellip;]<\/p>\n","protected":false},"author":1,"featured_media":0,"parent":1415,"menu_order":8,"comment_status":"closed","ping_status":"closed","template":"page-full.php","meta":{"ngg_post_thumbnail":0,"_links_to":"","_links_to_target":""},"_links":{"self":[{"href":"https:\/\/www.nutrigenomiclab.com\/lab\/index.php?rest_route=\/wp\/v2\/pages\/1202"}],"collection":[{"href":"https:\/\/www.nutrigenomiclab.com\/lab\/index.php?rest_route=\/wp\/v2\/pages"}],"about":[{"href":"https:\/\/www.nutrigenomiclab.com\/lab\/index.php?rest_route=\/wp\/v2\/types\/page"}],"author":[{"embeddable":true,"href":"https:\/\/www.nutrigenomiclab.com\/lab\/index.php?rest_route=\/wp\/v2\/users\/1"}],"replies":[{"embeddable":true,"href":"https:\/\/www.nutrigenomiclab.com\/lab\/index.php?rest_route=%2Fwp%2Fv2%2Fcomments&post=1202"}],"version-history":[{"count":8,"href":"https:\/\/www.nutrigenomiclab.com\/lab\/index.php?rest_route=\/wp\/v2\/pages\/1202\/revisions"}],"predecessor-version":[{"id":1508,"href":"https:\/\/www.nutrigenomiclab.com\/lab\/index.php?rest_route=\/wp\/v2\/pages\/1202\/revisions\/1508"}],"up":[{"embeddable":true,"href":"https:\/\/www.nutrigenomiclab.com\/lab\/index.php?rest_route=\/wp\/v2\/pages\/1415"}],"wp:attachment":[{"href":"https:\/\/www.nutrigenomiclab.com\/lab\/index.php?rest_route=%2Fwp%2Fv2%2Fmedia&parent=1202"}],"curies":[{"name":"wp","href":"https:\/\/api.w.org\/{rel}","templated":true}]}}